{"id":5,"date":"2020-06-03T10:45:38","date_gmt":"2020-06-03T10:45:38","guid":{"rendered":"https:\/\/etterem.videoton.hu\/index.php\/colibri-wp\/"},"modified":"2026-01-06T13:08:33","modified_gmt":"2026-01-06T13:08:33","slug":"colibri-wp","status":"publish","type":"page","link":"https:\/\/etterem.videoton.hu\/","title":{"rendered":"Videoton \u00e9tterem"},"content":{"rendered":"<div data-colibri-id=\"5-c1\" class=\"style-193 style-local-5-c1 position-relative\">\n  <!---->\n  <div data-colibri-component=\"section\" data-colibri-id=\"5-c2\" id=\"rolunk\" class=\"h-section h-section-global-spacing d-flex align-items-lg-center align-items-md-center align-items-center style-1504 style-local-5-c2 position-relative\">\n    <!---->\n    <!---->\n    <div class=\"h-section-grid-container h-section-boxed-container\">\n      <!---->\n      <div data-colibri-id=\"5-c3\" class=\"h-row-container gutters-row-lg-0 gutters-row-md-0 gutters-row-0 gutters-row-v-lg-0 gutters-row-v-md-0 gutters-row-v-0 style-1505 style-local-5-c3 position-relative\">\n        <!---->\n        <div class=\"h-row justify-content-lg-center justify-content-md-center justify-content-center align-items-lg-stretch align-items-md-stretch align-items-stretch gutters-col-lg-0 gutters-col-md-0 gutters-col-0 gutters-col-v-lg-0 gutters-col-v-md-0 gutters-col-v-0\">\n          <!---->\n          <div class=\"h-column h-column-container d-flex h-col-lg-auto h-col-md-auto h-col-auto style-1506-outer style-local-5-c4-outer\">\n            <div data-colibri-id=\"5-c4\" class=\"d-flex h-flex-basis h-column__inner h-px-lg-0 h-px-md-0 h-px-0 v-inner-lg-0 v-inner-md-0 v-inner-0 style-1506 style-local-5-c4 position-relative\">\n              <!---->\n              <!---->\n              <div class=\"w-100 h-y-container h-column__content h-column__v-align flex-basis-100 align-self-lg-start align-self-md-start align-self-start\">\n                <!---->\n                <div data-colibri-id=\"5-c5\" class=\"h-global-transition-all h-heading style-1515 style-local-5-c5 position-relative h-element\">\n                  <!---->\n                  <div class=\"h-heading__outer style-1515 style-local-5-c5\">\n                    <!---->\n                    <!---->\n                    <h5 class=\"\"><span style=\"color: rgb(37, 59, 113);\">R\u00d3LUNK<\/span><\/h5>\n                  <\/div>\n                <\/div>\n                <div data-colibri-id=\"5-c6\" class=\"h-global-transition-all h-heading style-1516 style-local-5-c6 position-relative h-element\">\n                  <!---->\n                  <div class=\"h-heading__outer style-1516 style-local-5-c6\">\n                    <!---->\n                    <!---->\n                    <h2 class=\"\"><span style=\"color: rgb(37, 59, 113); font-family: &quot;Noto Sans&quot;; font-weight: 400;\">\u00d6sszeb\u00fatoroztunk<\/span><\/h2>\n                  <\/div>\n                <\/div>\n                <div data-colibri-id=\"5-c7\" class=\"h-text h-text-component style-1509 style-local-5-c7 position-relative h-element\">\n                  <!---->\n                  <!---->\n                  <div class=\"\">\n                    <p><span style=\"color: rgb(37, 59, 113); font-family: &quot;Noto Sans&quot;; font-size: 16px; font-weight: 400;\">\u00c9tterm\u00fcnk bek\u00f6lt\u00f6z\u00f6tt a VIDEOTON sz\u00e9kesfeh\u00e9rv\u00e1ri ipari parkj\u00e1ba, a kor\u00e1bbi VIDEOTON b\u00fcf\u00e9vel egy helyre.<\/span><\/p>\n                  <\/div>\n                <\/div>\n              <\/div>\n            <\/div>\n          <\/div>\n          <div class=\"h-column h-column-container d-flex h-col-lg-auto h-col-md-auto h-col-auto style-1510-outer style-local-5-c8-outer\">\n            <div data-colibri-id=\"5-c8\" class=\"d-flex h-flex-basis h-column__inner h-ui-empty-state-container h-px-lg-2 h-px-md-2 h-px-2 v-inner-lg-2 v-inner-md-2 v-inner-2 style-1510 style-local-5-c8 position-relative\">\n              <!---->\n              <!---->\n              <div class=\"w-100 h-y-container h-column__content h-column__v-align flex-basis-100\">\n                <!---->\n              <\/div>\n            <\/div>\n          <\/div>\n        <\/div>\n      <\/div>\n    <\/div>\n  <\/div>\n  <div data-colibri-component=\"section\" data-colibri-id=\"5-c9\" id=\"etlap\" class=\"h-section h-section-global-spacing d-flex align-items-lg-center align-items-md-center align-items-center style-1526 style-local-5-c9 position-relative\">\n    <div class=\"background-wrapper\">\n      <div class=\"background-layer background-layer-media-container-lg\">\n        <div data-enabled=\"true\" data-colibri-component=\"parallax\" class=\"background-layer paraxify\" model-id=\"5-c9\" media=\"desktop\" is-preview=\"true\" style=\"background-image: url(&quot;https:\/\/etterem.videoton.hu\/wp-content\/uploads\/2023\/01\/videoton\u00e9tterem_KV2-scaled.jpg&quot;);\"><\/div>\n        <div class=\"overlay-layer\">\n          <div class=\"overlay-image-layer\" style=\"background-color: rgb(0, 0, 0); opacity: 0.5;\"><\/div>\n        <\/div>\n      <\/div>\n      <div class=\"background-layer background-layer-media-container-md\">\n        <div data-enabled=\"true\" data-colibri-component=\"parallax\" class=\"background-layer paraxify\" model-id=\"5-c9\" media=\"tablet\" is-preview=\"true\" style=\"background-image: url(&quot;https:\/\/etterem.videoton.hu\/wp-content\/uploads\/2023\/01\/videoton\u00e9tterem_KV2-scaled.jpg&quot;);\"><\/div>\n        <div class=\"overlay-layer\">\n          <div class=\"overlay-image-layer\" style=\"background-color: rgb(0, 0, 0); opacity: 0.5;\"><\/div>\n        <\/div>\n      <\/div>\n      <div class=\"background-layer background-layer-media-container\">\n        <div data-enabled=\"true\" data-colibri-component=\"parallax\" class=\"background-layer paraxify\" model-id=\"5-c9\" media=\"mobile\" is-preview=\"true\" style=\"background-image: url(&quot;https:\/\/etterem.videoton.hu\/wp-content\/uploads\/2023\/01\/videoton\u00e9tterem_KV2-scaled.jpg&quot;);\"><\/div>\n        <div class=\"overlay-layer\">\n          <div class=\"overlay-image-layer\" style=\"background-color: rgb(0, 0, 0); opacity: 0.5;\"><\/div>\n        <\/div>\n      <\/div>\n    <\/div>\n    <!---->\n    <div class=\"h-section-grid-container h-section-boxed-container\">\n      <!---->\n      <div data-colibri-id=\"5-c10\" class=\"h-row-container gutters-row-lg-2 gutters-row-md-2 gutters-row-0 gutters-row-v-lg-2 gutters-row-v-md-2 gutters-row-v-2 style-1527 style-local-5-c10 position-relative\">\n        <!---->\n        <div class=\"h-row justify-content-lg-center justify-content-md-center justify-content-center align-items-lg-stretch align-items-md-stretch align-items-stretch gutters-col-lg-2 gutters-col-md-2 gutters-col-0 gutters-col-v-lg-2 gutters-col-v-md-2 gutters-col-v-2\">\n          <!---->\n          <div class=\"h-column h-column-container d-flex h-col-lg-auto h-col-md-auto h-col-auto style-1528-outer style-local-5-c11-outer\">\n            <div data-colibri-id=\"5-c11\" class=\"d-flex h-flex-basis h-column__inner h-px-lg-2 h-px-md-2 h-px-2 v-inner-lg-2 v-inner-md-2 v-inner-2 style-1528 style-local-5-c11 position-relative\">\n              <!---->\n              <!---->\n              <div class=\"w-100 h-y-container h-column__content h-column__v-align flex-basis-100 align-self-lg-start align-self-md-start align-self-start\">\n                <!---->\n                <div data-colibri-id=\"5-c12\" class=\"h-global-transition-all h-heading style-1530 style-local-5-c12 position-relative h-element\">\n                  <!---->\n                  <div class=\"h-heading__outer style-1530 style-local-5-c12\">\n                    <!---->\n                    <!---->\n                    <h2 class=\"\"><span style=\"color: rgb(255, 255, 255); font-family: &quot;Noto Sans&quot;;\">TEKINTSE MEG K\u00cdN\u00c1LATUNKAT<\/span><\/h2>\n                  <\/div>\n                <\/div>\n              <\/div>\n            <\/div>\n          <\/div>\n        <\/div>\n      <\/div>\n    <\/div>\n  <\/div>\n  <div data-colibri-component=\"section\" data-colibri-id=\"5-c13\" id=\"etlap-2\" class=\"h-section h-section-global-spacing d-flex align-items-lg-center align-items-md-center align-items-center style-1511 style-local-5-c13 position-relative\">\n    <!---->\n    <!---->\n    <div class=\"h-section-grid-container h-section-boxed-container\">\n      <!---->\n      <div data-colibri-id=\"5-c14\" class=\"h-row-container gutters-row-lg-0 gutters-row-md-0 gutters-row-0 gutters-row-v-lg-0 gutters-row-v-md-0 gutters-row-v-0 style-1512 style-local-5-c14 position-relative\">\n        <!---->\n        <div class=\"h-row justify-content-lg-center justify-content-md-center justify-content-center align-items-lg-stretch align-items-md-stretch align-items-stretch gutters-col-lg-0 gutters-col-md-0 gutters-col-0 gutters-col-v-lg-0 gutters-col-v-md-0 gutters-col-v-0\">\n          <!---->\n          <div class=\"h-column h-column-container d-flex h-col-lg-auto h-col-md-auto h-col-auto style-1513-outer style-local-5-c15-outer\">\n            <div data-colibri-id=\"5-c15\" class=\"d-flex h-flex-basis h-column__inner h-ui-empty-state-container h-px-lg-0 h-px-md-0 h-px-0 v-inner-lg-0 v-inner-md-0 v-inner-0 style-1513 style-local-5-c15 position-relative\">\n              <!---->\n              <!---->\n              <div class=\"w-100 h-y-container h-column__content h-column__v-align flex-basis-100\">\n                <!---->\n              <\/div>\n            <\/div>\n          <\/div>\n          <div class=\"h-column h-column-container d-flex h-col-lg-auto h-col-md-auto h-col-auto style-1514-outer style-local-5-c16-outer\">\n            <div data-colibri-id=\"5-c16\" class=\"d-flex h-flex-basis h-column__inner h-px-lg-2 h-px-md-2 h-px-2 v-inner-lg-2 v-inner-md-2 v-inner-2 style-1514 style-local-5-c16 position-relative\">\n              <!---->\n              <!---->\n              <div class=\"w-100 h-y-container h-column__content h-column__v-align flex-basis-100 align-self-lg-start align-self-md-start align-self-start\">\n                <!---->\n                <div data-colibri-id=\"5-c17\" class=\"h-global-transition-all h-heading style-1516 style-local-5-c17 position-relative h-element\">\n                  <!---->\n                  <div class=\"h-heading__outer style-1516 style-local-5-c17\">\n                    <!---->\n                    <!---->\n                    <h2 class=\"\"><span style=\"font-family: &quot;Noto Sans&quot;; font-weight: 400;\">Megszokott \u00edzek, sz\u00ednes v\u00e1laszt\u00e9k<\/span><\/h2>\n                  <\/div>\n                <\/div>\n                <div data-colibri-id=\"5-c18\" class=\"h-text h-text-component style-1517 style-local-5-c18 position-relative h-element\">\n                  <!---->\n                  <!---->\n                  <div class=\"\">\n                    <p><span style=\"font-weight: 400; font-size: 16px; font-family: &quot;Noto Sans&quot;; color: rgb(37, 59, 113);\">\u00c1lland\u00f3 heti k\u00edn\u00e1latunkon \u00e9s t\u00f6bbszem\u00e9lyes t\u00e1lainkon t\u00fal v\u00e1ltozatos napi men\u00fcvel \u00e9s naponta friss\u00fcl\u0151 \u00e1 la carte \u00e9telsorral v\u00e1rjuk vend\u00e9geinket.&nbsp;<\/span><\/p>\n                  <\/div>\n                <\/div>\n              <\/div>\n            <\/div>\n          <\/div>\n        <\/div>\n      <\/div>\n      <div data-colibri-id=\"5-c19\" class=\"h-row-container gutters-row-lg-2 gutters-row-md-2 gutters-row-0 gutters-row-v-lg-2 gutters-row-v-md-2 gutters-row-v-2 style-2051 style-local-5-c19 position-relative\">\n        <!---->\n        <div class=\"h-row justify-content-lg-center justify-content-md-center justify-content-center align-items-lg-stretch align-items-md-stretch align-items-stretch gutters-col-lg-2 gutters-col-md-2 gutters-col-0 gutters-col-v-lg-2 gutters-col-v-md-2 gutters-col-v-2\">\n          <!---->\n          <div class=\"h-column h-column-container d-flex h-col-lg-auto h-col-md-auto h-col-auto style-2052-outer style-local-5-c20-outer\">\n            <div data-colibri-id=\"5-c20\" class=\"d-flex h-flex-basis h-column__inner h-px-lg-2 h-px-md-2 h-px-2 v-inner-lg-2 v-inner-md-2 v-inner-2 style-2052 style-local-5-c20 position-relative\">\n              <!---->\n              <!---->\n              <div class=\"w-100 h-y-container h-column__content h-column__v-align flex-basis-100 align-self-lg-start align-self-md-start align-self-start\">\n                <!---->\n                <div data-colibri-id=\"5-c21\" class=\"h-x-container style-1428 style-local-5-c21 position-relative h-element\">\n                  <!---->\n                  <div class=\"h-x-container-inner style-dynamic-5-c21-group style-1428-spacing style-local-5-c21-spacing\"><span class=\"h-button__outer style-1520-outer style-local-5-c22-outer d-inline-flex h-element\"><a h-use-smooth-scroll=\"true\" href=\"https:\/\/etterem.videoton.hu\/index.php\/colibri-wp\/napimenu\/\"  data-colibri-id=\"5-c22\" class=\"d-flex w-100 align-items-center h-button justify-content-lg-center justify-content-md-center justify-content-center style-1520 style-local-5-c22 position-relative\"><!----><!----> <span>Napi men\u00fc<\/span><\/a>\n                    <\/span><span class=\"h-button__outer style-1521-outer style-local-5-c23-outer d-inline-flex h-element\"><a h-use-smooth-scroll=\"true\" href=\"https:\/\/etterem.videoton.hu\/index.php\/alacarte-kinalat\/\"  data-colibri-id=\"5-c23\" class=\"d-flex w-100 align-items-center h-button justify-content-lg-center justify-content-md-center justify-content-center style-1521 style-local-5-c23 position-relative\"><!----><!----> <span>\u00c0 la carte \u00e9tlap<\/span><\/a>\n                    <\/span><span class=\"h-button__outer style-1429-outer style-local-5-c24-outer d-inline-flex h-element\"><a h-use-smooth-scroll=\"true\" href=\"https:\/\/etterem.videoton.hu\/wp-content\/uploads\/2026\/01\/allando-heti-ajanlat_videoton_etterem_2025.pdf\" target=\"_blank\" data-colibri-id=\"5-c24\" class=\"d-flex w-100 align-items-center h-button justify-content-lg-center justify-content-md-center justify-content-center style-1429 style-local-5-c24 position-relative\" rel=\"noopener\"><!----><!----> <span>\u00e1lland\u00f3 heti k\u00edn\u00e1lat<\/span><\/a>\n                    <\/span><span class=\"h-button__outer style-1943-outer style-local-5-c25-outer d-inline-flex h-element\"><a h-use-smooth-scroll=\"true\" href=\"https:\/\/etterem.videoton.hu\/index.php\/talaink\/\" target=\"_blank\" data-colibri-id=\"5-c25\" class=\"d-flex w-100 align-items-center h-button justify-content-lg-center justify-content-md-center justify-content-center style-1943 style-local-5-c25 position-relative\" rel=\"noopener\"><!----><!----> <span>t\u00e1lak<\/span><\/a>\n                    <\/span>\n                  <\/div>\n                <\/div>\n              <\/div>\n            <\/div>\n          <\/div>\n        <\/div>\n      <\/div>\n    <\/div>\n  <\/div>\n<\/div>","protected":false},"excerpt":{"rendered":"<p>R\u00d3LUNK \u00d6sszeb\u00fatoroztunk \u00c9tterm\u00fcnk bek\u00f6lt\u00f6z\u00f6tt a VIDEOTON sz\u00e9kesfeh\u00e9rv\u00e1ri ipari parkj\u00e1ba, a kor\u00e1bbi VIDEOTON b\u00fcf\u00e9vel egy helyre. TEKINTSE MEG K\u00cdN\u00c1LATUNKAT Megszokott \u00edzek, sz\u00ednes v\u00e1laszt\u00e9k \u00c1lland\u00f3 heti k\u00edn\u00e1latunkon \u00e9s t\u00f6bbszem\u00e9lyes t\u00e1lainkon t\u00fal v\u00e1ltozatos napi men\u00fcvel \u00e9s naponta friss\u00fcl\u0151 \u00e1 la carte \u00e9telsorral v\u00e1rjuk vend\u00e9geinket.&nbsp; Napi men\u00fc \u00c0 la carte \u00e9tlap \u00e1lland\u00f3 heti k\u00edn\u00e1lat t\u00e1lak<\/p>\n","protected":false},"author":1,"featured_media":0,"parent":0,"menu_order":0,"comment_status":"closed","ping_status":"closed","template":"page-templates\/homepage.php","meta":{"footnotes":""},"_links":{"self":[{"href":"https:\/\/etterem.videoton.hu\/index.php\/wp-json\/wp\/v2\/pages\/5"}],"collection":[{"href":"https:\/\/etterem.videoton.hu\/index.php\/wp-json\/wp\/v2\/pages"}],"about":[{"href":"https:\/\/etterem.videoton.hu\/index.php\/wp-json\/wp\/v2\/types\/page"}],"author":[{"embeddable":true,"href":"https:\/\/etterem.videoton.hu\/index.php\/wp-json\/wp\/v2\/users\/1"}],"replies":[{"embeddable":true,"href":"https:\/\/etterem.videoton.hu\/index.php\/wp-json\/wp\/v2\/comments?post=5"}],"version-history":[{"count":20,"href":"https:\/\/etterem.videoton.hu\/index.php\/wp-json\/wp\/v2\/pages\/5\/revisions"}],"predecessor-version":[{"id":8612,"href":"https:\/\/etterem.videoton.hu\/index.php\/wp-json\/wp\/v2\/pages\/5\/revisions\/8612"}],"wp:attachment":[{"href":"https:\/\/etterem.videoton.hu\/index.php\/wp-json\/wp\/v2\/media?parent=5"}],"curies":[{"name":"wp","href":"https:\/\/api.w.org\/{rel}","templated":true}]}}